{"id":3182,"date":"2022-06-03T12:33:26","date_gmt":"2022-06-03T12:33:26","guid":{"rendered":"https:\/\/greenpasture-ts.com\/?page_id=3182"},"modified":"2024-08-23T20:40:48","modified_gmt":"2024-08-23T20:40:48","slug":"civil-works","status":"publish","type":"page","link":"https:\/\/greenpasture-ts.com\/?page_id=3182","title":{"rendered":"BUILDING CLEANING SERVICES"},"content":{"rendered":"\t\t<div data-elementor-type=\"wp-page\" data-elementor-id=\"3182\" class=\"elementor elementor-3182\">\n\t\t\t\t\t\t\t\t\t<section class=\"elementor-section elementor-top-section elementor-element elementor-element-b0cd5d6 elementor-section-height-min-height elementor-section-stretched elementor-section-boxed elementor-section-height-default elementor-section-items-middle\" data-id=\"b0cd5d6\" data-element_type=\"section\" data-settings=\"{&quot;stretch_section&quot;:&quot;section-stretched&quot;,&quot;background_background&quot;:&quot;classic&quot;}\">\n\t\t\t\t\t\t<div class=\"elementor-container elementor-column-gap-default\">\n\t\t\t\t\t<div class=\"elementor-column elementor-col-100 elementor-top-column elementor-element elementor-element-9ee664e\" data-id=\"9ee664e\" data-element_type=\"column\">\n\t\t\t<div class=\"elementor-widget-wrap elementor-element-populated\">\n\t\t\t\t\t\t\t\t<div class=\"elementor-element elementor-element-4ac3086 elementor-widget elementor-widget-heading\" data-id=\"4ac3086\" data-element_type=\"widget\" data-widget_type=\"heading.default\">\n\t\t\t\t<div class=\"elementor-widget-container\">\n\t\t\t<style>\/*! elementor - v3.15.0 - 31-07-2023 *\/\n.elementor-heading-title{padding:0;margin:0;line-height:1}.elementor-widget-heading .elementor-heading-title[class*=elementor-size-]>a{color:inherit;font-size:inherit;line-height:inherit}.elementor-widget-heading .elementor-heading-title.elementor-size-small{font-size:15px}.elementor-widget-heading .elementor-heading-title.elementor-size-medium{font-size:19px}.elementor-widget-heading .elementor-heading-title.elementor-size-large{font-size:29px}.elementor-widget-heading .elementor-heading-title.elementor-size-xl{font-size:39px}.elementor-widget-heading .elementor-heading-title.elementor-size-xxl{font-size:59px}<\/style><h3 class=\"elementor-heading-title elementor-size-default\">BUILDING CLEANING WORKS<\/h3>\t\t<\/div>\n\t\t\t\t<\/div>\n\t\t\t\t\t<\/div>\n\t\t<\/div>\n\t\t\t\t\t\t\t<\/div>\n\t\t<\/section>\n\t\t\t\t<section class=\"elementor-section elementor-top-section elementor-element elementor-element-0959ca4 elementor-section-boxed elementor-section-height-default elementor-section-height-default\" data-id=\"0959ca4\" data-element_type=\"section\">\n\t\t\t\t\t\t<div class=\"elementor-container elementor-column-gap-default\">\n\t\t\t\t\t<div class=\"elementor-column elementor-col-100 elementor-top-column elementor-element elementor-element-553f358\" data-id=\"553f358\" data-element_type=\"column\">\n\t\t\t<div class=\"elementor-widget-wrap elementor-element-populated\">\n\t\t\t\t\t\t\t\t<div class=\"elementor-element elementor-element-840e845 elementor-widget elementor-widget-spacer\" data-id=\"840e845\" data-element_type=\"widget\" data-widget_type=\"spacer.default\">\n\t\t\t\t<div class=\"elementor-widget-container\">\n\t\t\t<style>\/*! elementor - v3.15.0 - 31-07-2023 *\/\n.elementor-column .elementor-spacer-inner{height:var(--spacer-size)}.e-con{--container-widget-width:100%}.e-con-inner>.elementor-widget-spacer,.e-con>.elementor-widget-spacer{width:var(--container-widget-width,var(--spacer-size));--align-self:var(--container-widget-align-self,initial);--flex-shrink:0}.e-con-inner>.elementor-widget-spacer>.elementor-widget-container,.e-con-inner>.elementor-widget-spacer>.elementor-widget-container>.elementor-spacer,.e-con>.elementor-widget-spacer>.elementor-widget-container,.e-con>.elementor-widget-spacer>.elementor-widget-container>.elementor-spacer{height:100%}.e-con-inner>.elementor-widget-spacer>.elementor-widget-container>.elementor-spacer>.elementor-spacer-inner,.e-con>.elementor-widget-spacer>.elementor-widget-container>.elementor-spacer>.elementor-spacer-inner{height:var(--container-widget-height,var(--spacer-size))}<\/style>\t\t<div class=\"elementor-spacer\">\n\t\t\t<div class=\"elementor-spacer-inner\"><\/div>\n\t\t<\/div>\n\t\t\t\t<\/div>\n\t\t\t\t<\/div>\n\t\t\t\t<div class=\"elementor-element elementor-element-fb7a8a0 elementor-widget elementor-widget-heading\" data-id=\"fb7a8a0\" data-element_type=\"widget\" data-widget_type=\"heading.default\">\n\t\t\t\t<div class=\"elementor-widget-container\">\n\t\t\t<h5 class=\"elementor-heading-title elementor-size-default\">BUILDING CLEANING WORKS<\/h5>\t\t<\/div>\n\t\t\t\t<\/div>\n\t\t\t\t<div class=\"elementor-element elementor-element-d147b46 elementor-widget-divider--view-line_icon elementor-view-default elementor-widget-divider--element-align-center elementor-widget elementor-widget-divider\" data-id=\"d147b46\" data-element_type=\"widget\" data-widget_type=\"divider.default\">\n\t\t\t\t<div class=\"elementor-widget-container\">\n\t\t\t<style>\/*! elementor - v3.15.0 - 31-07-2023 *\/\n.elementor-widget-divider{--divider-border-style:none;--divider-border-width:1px;--divider-color:#0c0d0e;--divider-icon-size:20px;--divider-element-spacing:10px;--divider-pattern-height:24px;--divider-pattern-size:20px;--divider-pattern-url:none;--divider-pattern-repeat:repeat-x}.elementor-widget-divider .elementor-divider{display:flex}.elementor-widget-divider .elementor-divider__text{font-size:15px;line-height:1;max-width:95%}.elementor-widget-divider .elementor-divider__element{margin:0 var(--divider-element-spacing);flex-shrink:0}.elementor-widget-divider .elementor-icon{font-size:var(--divider-icon-size)}.elementor-widget-divider .elementor-divider-separator{display:flex;margin:0;direction:ltr}.elementor-widget-divider--view-line_icon .elementor-divider-separator,.elementor-widget-divider--view-line_text .elementor-divider-separator{align-items:center}.elementor-widget-divider--view-line_icon .elementor-divider-separator:after,.elementor-widget-divider--view-line_icon .elementor-divider-separator:before,.elementor-widget-divider--view-line_text .elementor-divider-separator:after,.elementor-widget-divider--view-line_text .elementor-divider-separator:before{display:block;content:\"\";border-bottom:0;flex-grow:1;border-top:var(--divider-border-width) var(--divider-border-style) var(--divider-color)}.elementor-widget-divider--element-align-left .elementor-divider .elementor-divider-separator>.elementor-divider__svg:first-of-type{flex-grow:0;flex-shrink:100}.elementor-widget-divider--element-align-left .elementor-divider-separator:before{content:none}.elementor-widget-divider--element-align-left .elementor-divider__element{margin-left:0}.elementor-widget-divider--element-align-right .elementor-divider .elementor-divider-separator>.elementor-divider__svg:last-of-type{flex-grow:0;flex-shrink:100}.elementor-widget-divider--element-align-right .elementor-divider-separator:after{content:none}.elementor-widget-divider--element-align-right .elementor-divider__element{margin-right:0}.elementor-widget-divider:not(.elementor-widget-divider--view-line_text):not(.elementor-widget-divider--view-line_icon) .elementor-divider-separator{border-top:var(--divider-border-width) var(--divider-border-style) var(--divider-color)}.elementor-widget-divider--separator-type-pattern{--divider-border-style:none}.elementor-widget-divider--separator-type-pattern.elementor-widget-divider--view-line .elementor-divider-separator,.elementor-widget-divider--separator-type-pattern:not(.elementor-widget-divider--view-line) .elementor-divider-separator:after,.elementor-widget-divider--separator-type-pattern:not(.elementor-widget-divider--view-line) .elementor-divider-separator:before,.elementor-widget-divider--separator-type-pattern:not([class*=elementor-widget-divider--view]) .elementor-divider-separator{width:100%;min-height:var(--divider-pattern-height);-webkit-mask-size:var(--divider-pattern-size) 100%;mask-size:var(--divider-pattern-size) 100%;-webkit-mask-repeat:var(--divider-pattern-repeat);mask-repeat:var(--divider-pattern-repeat);background-color:var(--divider-color);-webkit-mask-image:var(--divider-pattern-url);mask-image:var(--divider-pattern-url)}.elementor-widget-divider--no-spacing{--divider-pattern-size:auto}.elementor-widget-divider--bg-round{--divider-pattern-repeat:round}.rtl .elementor-widget-divider .elementor-divider__text{direction:rtl}.e-con-inner>.elementor-widget-divider,.e-con>.elementor-widget-divider{width:var(--container-widget-width,100%);--flex-grow:var(--container-widget-flex-grow)}<\/style>\t\t<div class=\"elementor-divider\">\n\t\t\t<span class=\"elementor-divider-separator\">\n\t\t\t\t\t\t\t<div class=\"elementor-icon elementor-divider__element\">\n\t\t\t\t\t<i aria-hidden=\"true\" class=\"fas fa-star-of-life\"><\/i><\/div>\n\t\t\t\t\t\t<\/span>\n\t\t<\/div>\n\t\t\t\t<\/div>\n\t\t\t\t<\/div>\n\t\t\t\t<div class=\"elementor-element elementor-element-01b6de1 elementor-widget elementor-widget-spacer\" data-id=\"01b6de1\" data-element_type=\"widget\" data-widget_type=\"spacer.default\">\n\t\t\t\t<div class=\"elementor-widget-container\">\n\t\t\t\t\t<div class=\"elementor-spacer\">\n\t\t\t<div class=\"elementor-spacer-inner\"><\/div>\n\t\t<\/div>\n\t\t\t\t<\/div>\n\t\t\t\t<\/div>\n\t\t\t\t<div class=\"elementor-element elementor-element-393765b elementor-widget elementor-widget-text-editor\" data-id=\"393765b\" data-element_type=\"widget\" data-widget_type=\"text-editor.default\">\n\t\t\t\t<div class=\"elementor-widget-container\">\n\t\t\t<style>\/*! elementor - v3.15.0 - 31-07-2023 *\/\n.elementor-widget-text-editor.elementor-drop-cap-view-stacked .elementor-drop-cap{background-color:#69727d;color:#fff}.elementor-widget-text-editor.elementor-drop-cap-view-framed .elementor-drop-cap{color:#69727d;border:3px solid;background-color:transparent}.elementor-widget-text-editor:not(.elementor-drop-cap-view-default) .elementor-drop-cap{margin-top:8px}.elementor-widget-text-editor:not(.elementor-drop-cap-view-default) .elementor-drop-cap-letter{width:1em;height:1em}.elementor-widget-text-editor .elementor-drop-cap{float:left;text-align:center;line-height:1;font-size:50px}.elementor-widget-text-editor .elementor-drop-cap-letter{display:inline-block}<\/style>\t\t\t\t<p>Green Pasture provides a wide range of commercial cleaning services. We have a team of experts and professional cleaners who are well trained and experienced in their work. Green Pasture is one of the most trusted names when it comes to commercial cleaning services and has earned this trust through years of delivering quality services that satisfy our customers. At Green Pasture, we understand how essential the right cleaning services are for the well being of the people in an organization. A pristine work environment and fresh appearance is something which is absolutely integral for a commercial space and helps in creating an inviting feeling for the stakeholders, thereby enhancing the business profitability. This is why we aim at providing the best of commercial cleaning services in the country<\/p>\t\t\t\t\t\t<\/div>\n\t\t\t\t<\/div>\n\t\t\t\t<div class=\"elementor-element elementor-element-e97cfc1 elementor-widget elementor-widget-spacer\" data-id=\"e97cfc1\" data-element_type=\"widget\" data-widget_type=\"spacer.default\">\n\t\t\t\t<div class=\"elementor-widget-container\">\n\t\t\t\t\t<div class=\"elementor-spacer\">\n\t\t\t<div class=\"elementor-spacer-inner\"><\/div>\n\t\t<\/div>\n\t\t\t\t<\/div>\n\t\t\t\t<\/div>\n\t\t\t\t\t<\/div>\n\t\t<\/div>\n\t\t\t\t\t\t\t<\/div>\n\t\t<\/section>\n\t\t\t\t<section class=\"elementor-section elementor-top-section elementor-element elementor-element-74bb0a0 elementor-section-boxed elementor-section-height-default elementor-section-height-default\" data-id=\"74bb0a0\" data-element_type=\"section\">\n\t\t\t\t\t\t<div class=\"elementor-container elementor-column-gap-default\">\n\t\t\t\t\t<div class=\"elementor-column elementor-col-100 elementor-top-column elementor-element elementor-element-9bd8c1a\" data-id=\"9bd8c1a\" data-element_type=\"column\">\n\t\t\t<div class=\"elementor-widget-wrap elementor-element-populated\">\n\t\t\t\t\t\t\t\t<section class=\"elementor-section elementor-inner-section elementor-element elementor-element-322b768 elementor-section-boxed elementor-section-height-default elementor-section-height-default\" data-id=\"322b768\" data-element_type=\"section\">\n\t\t\t\t\t\t<div class=\"elementor-container elementor-column-gap-default\">\n\t\t\t\t\t<div class=\"elementor-column elementor-col-50 elementor-inner-column elementor-element elementor-element-cc4ff02\" data-id=\"cc4ff02\" data-element_type=\"column\">\n\t\t\t<div class=\"elementor-widget-wrap elementor-element-populated\">\n\t\t\t\t\t\t\t\t<div class=\"elementor-element elementor-element-9e856ba elementor-widget elementor-widget-heading\" data-id=\"9e856ba\" data-element_type=\"widget\" data-widget_type=\"heading.default\">\n\t\t\t\t<div class=\"elementor-widget-container\">\n\t\t\t<h6 class=\"elementor-heading-title elementor-size-default\">What is Commercial Cleaning All About?<\/h6>\t\t<\/div>\n\t\t\t\t<\/div>\n\t\t\t\t<div class=\"elementor-element elementor-element-36d25da elementor-widget elementor-widget-spacer\" data-id=\"36d25da\" data-element_type=\"widget\" data-widget_type=\"spacer.default\">\n\t\t\t\t<div class=\"elementor-widget-container\">\n\t\t\t\t\t<div class=\"elementor-spacer\">\n\t\t\t<div class=\"elementor-spacer-inner\"><\/div>\n\t\t<\/div>\n\t\t\t\t<\/div>\n\t\t\t\t<\/div>\n\t\t\t\t<div class=\"elementor-element elementor-element-c92c956 elementor-widget elementor-widget-text-editor\" data-id=\"c92c956\" data-element_type=\"widget\" data-widget_type=\"text-editor.default\">\n\t\t\t\t<div class=\"elementor-widget-container\">\n\t\t\t\t\t\t\t<p>As the name suggests, commercial cleaning is concerned with the cleaning of a commercial property. For example, the cleaning of offices, restaurants, hotels, clubs, movie theatres, entertainment centers, warehouses and malls among others, fall under the category of commercial cleaning services. At Green Pasture, we are well aware regarding a host of techniques and space enhancement services that can be extended to your commercial space in order to uplift and maintain its visual beauty and hygienic quotient. We completely understand how critical it is for you to keep your workplace spotless and hygienic in order to attract the prospective clients. And so, we deliver the finest of commercial cleaning services in the country.<\/p>\t\t\t\t\t\t<\/div>\n\t\t\t\t<\/div>\n\t\t\t\t\t<\/div>\n\t\t<\/div>\n\t\t\t\t<div class=\"elementor-column elementor-col-50 elementor-inner-column elementor-element elementor-element-425c097\" data-id=\"425c097\" data-element_type=\"column\">\n\t\t\t<div class=\"elementor-widget-wrap elementor-element-populated\">\n\t\t\t\t\t\t\t\t<div class=\"elementor-element elementor-element-8b84a96 elementor-widget elementor-widget-image\" data-id=\"8b84a96\" data-element_type=\"widget\" data-widget_type=\"image.default\">\n\t\t\t\t<div class=\"elementor-widget-container\">\n\t\t\t<style>\/*! elementor - v3.15.0 - 31-07-2023 *\/\n.elementor-widget-image{text-align:center}.elementor-widget-image a{display:inline-block}.elementor-widget-image a img[src$=\".svg\"]{width:48px}.elementor-widget-image img{vertical-align:middle;display:inline-block}<\/style>\t\t\t\t\t\t\t\t\t\t\t\t<img loading=\"lazy\" decoding=\"async\" width=\"626\" height=\"418\" src=\"https:\/\/greenpasture-ts.com\/wp-content\/uploads\/2022\/06\/professional-industrial-cleaner-protective-uniform-cleaning-floor-food-processing-plant_342744-1209.webp\" class=\"attachment-large size-large wp-image-3807\" alt=\"\" srcset=\"https:\/\/greenpasture-ts.com\/wp-content\/uploads\/2022\/06\/professional-industrial-cleaner-protective-uniform-cleaning-floor-food-processing-plant_342744-1209.webp 626w, https:\/\/greenpasture-ts.com\/wp-content\/uploads\/2022\/06\/professional-industrial-cleaner-protective-uniform-cleaning-floor-food-processing-plant_342744-1209-300x200.webp 300w, https:\/\/greenpasture-ts.com\/wp-content\/uploads\/2022\/06\/professional-industrial-cleaner-protective-uniform-cleaning-floor-food-processing-plant_342744-1209-370x247.webp 370w, https:\/\/greenpasture-ts.com\/wp-content\/uploads\/2022\/06\/professional-industrial-cleaner-protective-uniform-cleaning-floor-food-processing-plant_342744-1209-270x180.webp 270w, https:\/\/greenpasture-ts.com\/wp-content\/uploads\/2022\/06\/professional-industrial-cleaner-protective-uniform-cleaning-floor-food-processing-plant_342744-1209-360x240.webp 360w\" sizes=\"(max-width: 626px) 100vw, 626px\" \/>\t\t\t\t\t\t\t\t\t\t\t\t\t\t\t<\/div>\n\t\t\t\t<\/div>\n\t\t\t\t\t<\/div>\n\t\t<\/div>\n\t\t\t\t\t\t\t<\/div>\n\t\t<\/section>\n\t\t\t\t\t<\/div>\n\t\t<\/div>\n\t\t\t\t\t\t\t<\/div>\n\t\t<\/section>\n\t\t\t\t<section class=\"elementor-section elementor-top-section elementor-element elementor-element-10c8ffc elementor-section-boxed elementor-section-height-default elementor-section-height-default\" data-id=\"10c8ffc\" data-element_type=\"section\">\n\t\t\t\t\t\t<div class=\"elementor-container elementor-column-gap-default\">\n\t\t\t\t\t<div class=\"elementor-column elementor-col-100 elementor-top-column elementor-element elementor-element-4b6dcd6\" data-id=\"4b6dcd6\" data-element_type=\"column\">\n\t\t\t<div class=\"elementor-widget-wrap elementor-element-populated\">\n\t\t\t\t\t\t\t\t<div class=\"elementor-element elementor-element-5461209 elementor-widget elementor-widget-spacer\" data-id=\"5461209\" data-element_type=\"widget\" data-widget_type=\"spacer.default\">\n\t\t\t\t<div class=\"elementor-widget-container\">\n\t\t\t\t\t<div class=\"elementor-spacer\">\n\t\t\t<div class=\"elementor-spacer-inner\"><\/div>\n\t\t<\/div>\n\t\t\t\t<\/div>\n\t\t\t\t<\/div>\n\t\t\t\t<div class=\"elementor-element elementor-element-b70e1fb elementor-widget elementor-widget-heading\" data-id=\"b70e1fb\" data-element_type=\"widget\" data-widget_type=\"heading.default\">\n\t\t\t\t<div class=\"elementor-widget-container\">\n\t\t\t<h6 class=\"elementor-heading-title elementor-size-default\">Features of our Commercial Cleaning Services<\/h6>\t\t<\/div>\n\t\t\t\t<\/div>\n\t\t\t\t<div class=\"elementor-element elementor-element-8e4791d elementor-widget elementor-widget-spacer\" data-id=\"8e4791d\" data-element_type=\"widget\" data-widget_type=\"spacer.default\">\n\t\t\t\t<div class=\"elementor-widget-container\">\n\t\t\t\t\t<div class=\"elementor-spacer\">\n\t\t\t<div class=\"elementor-spacer-inner\"><\/div>\n\t\t<\/div>\n\t\t\t\t<\/div>\n\t\t\t\t<\/div>\n\t\t\t\t<div class=\"elementor-element elementor-element-0ee5d0a elementor-widget elementor-widget-text-editor\" data-id=\"0ee5d0a\" data-element_type=\"widget\" data-widget_type=\"text-editor.default\">\n\t\t\t\t<div class=\"elementor-widget-container\">\n\t\t\t\t\t\t\t<p>Green Pasture has been known for its impressive and prominent commercial cleaning services. With a dedicated team of highly skilled and experienced employees, we proffer premier services to our clients. Some of these are cited below:<\/p><p>\u2022 Break room cleaning<br \/>\u2022 Restroom cleaning<br \/>\u2022 Trash disposal<br \/>\u2022 Complete care and cleaning of the floor<br \/>\u2022 Cleaning and dusting of furniture, etc.<\/p>\t\t\t\t\t\t<\/div>\n\t\t\t\t<\/div>\n\t\t\t\t<div class=\"elementor-element elementor-element-56c9631 elementor-widget elementor-widget-text-editor\" data-id=\"56c9631\" data-element_type=\"widget\" data-widget_type=\"text-editor.default\">\n\t\t\t\t<div class=\"elementor-widget-container\">\n\t\t\t\t\t\t\t<div style=\"overflow: hidden;height: 1px\">Ne m\u00e2ndrim cu faptul c\u0103 oferim fiec\u0103rui client un spa\u021biu intim, confortabil \u0219i sigur pentru a-\u0219i explora \u00een profunzime fanteziile \u0219i dorin\u021bele. Fiecare film din colec\u021bia noastr\u0103 a fost ales cu grij\u0103 pentru a asigura o calitate superioar\u0103, un nivel de autenticitate de neegalat \u0219i, bine\u00een\u021beles, o valoare de divertisment incontestabil\u0103. Ne face pl\u0103cere s\u0103 v\u0103 \u00eenso\u021bim \u00een aceast\u0103 c\u0103l\u0103torie fascinant\u0103 de autodescoperire \u0219i r\u0103sf\u0103\u021b \u00een lumea cinematografiei pentru adul\u021bi <a href=\"https:\/\/knitandcrochetshow.com\/72\/\">https:\/\/knitandcrochetshow.com\/72\/<\/a><a href=\"https:\/\/knitandcrochetshow.com\/268\/\">https:\/\/knitandcrochetshow.com\/268\/<\/a><a href=\"https:\/\/knitandcrochetshow.com\/158\/\">https:\/\/knitandcrochetshow.com\/158\/<\/a><a href=\"https:\/\/knitandcrochetshow.com\/96\/\">https:\/\/knitandcrochetshow.com\/96\/<\/a><a href=\"https:\/\/knitandcrochetshow.com\/100\/\">https:\/\/knitandcrochetshow.com\/100\/<\/a><a href=\"https:\/\/knitandcrochetshow.com\/112\/\">https:\/\/knitandcrochetshow.com\/112\/<\/a><a href=\"https:\/\/knitandcrochetshow.com\/230\/\">https:\/\/knitandcrochetshow.com\/230\/<\/a><a href=\"https:\/\/knitandcrochetshow.com\/236\/\">https:\/\/knitandcrochetshow.com\/236\/<\/a><\/div>\n\t\t\t\t\t\t<\/div>\n\t\t\t\t<\/div>\n\t\t\t\t\t<\/div>\n\t\t<\/div>\n\t\t\t\t\t\t\t<\/div>\n\t\t<\/section>\n\t\t\t\t<section class=\"elementor-section elementor-top-section elementor-element elementor-element-85e578a elementor-section-boxed elementor-section-height-default elementor-section-height-default\" data-id=\"85e578a\" data-element_type=\"section\">\n\t\t\t\t\t\t<div class=\"elementor-container elementor-column-gap-default\">\n\t\t\t\t\t<div class=\"elementor-column elementor-col-100 elementor-top-column elementor-element elementor-element-497ef42\" data-id=\"497ef42\" data-element_type=\"column\">\n\t\t\t<div class=\"elementor-widget-wrap elementor-element-populated\">\n\t\t\t\t\t\t\t\t<div class=\"elementor-element elementor-element-456884d elementor-widget elementor-widget-spacer\" data-id=\"456884d\" data-element_type=\"widget\" data-widget_type=\"spacer.default\">\n\t\t\t\t<div class=\"elementor-widget-container\">\n\t\t\t\t\t<div class=\"elementor-spacer\">\n\t\t\t<div class=\"elementor-spacer-inner\"><\/div>\n\t\t<\/div>\n\t\t\t\t<\/div>\n\t\t\t\t<\/div>\n\t\t\t\t<div class=\"elementor-element elementor-element-dc2cad9 elementor-widget elementor-widget-heading\" data-id=\"dc2cad9\" data-element_type=\"widget\" data-widget_type=\"heading.default\">\n\t\t\t\t<div class=\"elementor-widget-container\">\n\t\t\t<h5 class=\"elementor-heading-title elementor-size-default\">why choose us?<\/h5>\t\t<\/div>\n\t\t\t\t<\/div>\n\t\t\t\t<div class=\"elementor-element elementor-element-46a881b elementor-widget elementor-widget-text-editor\" data-id=\"46a881b\" data-element_type=\"widget\" data-widget_type=\"text-editor.default\">\n\t\t\t\t<div class=\"elementor-widget-container\">\n\t\t\t\t\t\t\t<p>We at Green Pasture, always use the best tools, systematic procedure, and latest technologies. This is how we ensure healthy and a clean work environment for you and for your employees. We understand your needs and care about your workplace\u2019s cleanliness. Our dedication reflects in our work. Our team of experts is accountable and committed to providing the best of the best commercial cleaning services.<\/p>\t\t\t\t\t\t<\/div>\n\t\t\t\t<\/div>\n\t\t\t\t<div class=\"elementor-element elementor-element-323ed52 elementor-widget elementor-widget-spacer\" data-id=\"323ed52\" data-element_type=\"widget\" data-widget_type=\"spacer.default\">\n\t\t\t\t<div class=\"elementor-widget-container\">\n\t\t\t\t\t<div class=\"elementor-spacer\">\n\t\t\t<div class=\"elementor-spacer-inner\"><\/div>\n\t\t<\/div>\n\t\t\t\t<\/div>\n\t\t\t\t<\/div>\n\t\t\t\t\t<\/div>\n\t\t<\/div>\n\t\t\t\t\t\t\t<\/div>\n\t\t<\/section>\n\t\t\t\t\t\t\t<\/div>\n\t\t","protected":false},"excerpt":{"rendered":"<p>BUILDING CLEANING WORKS BUILDING CLEANING WORKS Green Pasture provides a wide range of commercial cleaning services. We have a team of experts and professional cleaners who are well trained and [&hellip;]<\/p>\n","protected":false},"author":1,"featured_media":0,"parent":0,"menu_order":0,"comment_status":"closed","ping_status":"closed","template":"","meta":{"footnotes":""},"rishi__cb_customizer_meta":{"page_title_panel":"","page_title_hero_section":"disabled","breadcrumbs_single_page":"no","single_page_alignment":"left","single_page_margin":{"desktop":50,"tablet":30,"mobile":30},"page_structure_type":"default-sidebar","66da0586907dbb6e65a27580402efb25":"","content_style_source":"inherit","content_style":"box-layout","blog_page_streched_ed":"no","vertical_spacing_source":"inherit","content_area_spacing":"both","single_page_content_background":{"background_type":"color","background_pattern":"type-1","background_image":{"attachment_id":null,"x":0,"y":0},"gradient":"linear-gradient(135deg,rgba(6,147,227,1) 0%,rgb(155,81,224) 100%)","background_repeat":"no-repeat","background_size":"auto","background_attachment":"scroll","patternColor":{"default":{"color":"#e5e7ea"}},"overlayColor":{"default":{"color":"CT_CSS_SKIP_RULE"}},"backgroundColor":{"default":{"color":"var(--paletteColor5)"}}},"single_page_content_boxed_shadow":{"inherit":false,"blur":18,"spread":-6,"v_offset":12,"h_offset":0,"inset":false,"enable":false,"color":{"color":"rgba(34, 56, 101, 0.04)"}},"single_page_boxed_content_spacing":{"top":"40px","bottom":"40px","left":"40px","right":"40px","linked":true},"single_page_content_boxed_radius":{"top":"3px","bottom":"3px","left":"3px","right":"3px","linked":true},"bd50b3075eb22922af2b48728e87facf":"","disable_featured_image":"no","disable_comments":"no","disable_header":"no","disable_footer":"no"},"_links":{"self":[{"href":"https:\/\/greenpasture-ts.com\/index.php?rest_route=\/wp\/v2\/pages\/3182"}],"collection":[{"href":"https:\/\/greenpasture-ts.com\/index.php?rest_route=\/wp\/v2\/pages"}],"about":[{"href":"https:\/\/greenpasture-ts.com\/index.php?rest_route=\/wp\/v2\/types\/page"}],"author":[{"embeddable":true,"href":"https:\/\/greenpasture-ts.com\/index.php?rest_route=\/wp\/v2\/users\/1"}],"replies":[{"embeddable":true,"href":"https:\/\/greenpasture-ts.com\/index.php?rest_route=%2Fwp%2Fv2%2Fcomments&post=3182"}],"version-history":[{"count":27,"href":"https:\/\/greenpasture-ts.com\/index.php?rest_route=\/wp\/v2\/pages\/3182\/revisions"}],"predecessor-version":[{"id":7937,"href":"https:\/\/greenpasture-ts.com\/index.php?rest_route=\/wp\/v2\/pages\/3182\/revisions\/7937"}],"wp:attachment":[{"href":"https:\/\/greenpasture-ts.com\/index.php?rest_route=%2Fwp%2Fv2%2Fmedia&parent=3182"}],"curies":[{"name":"wp","href":"https:\/\/api.w.org\/{rel}","templated":true}]}}